{"id":13457,"date":"2026-01-23T16:25:15","date_gmt":"2026-01-23T05:25:15","guid":{"rendered":"https:\/\/directory.naati.com.au\/naati-sertifikali-yazili-ve-sozlu-cevirmenler-rehberi\/"},"modified":"2026-03-03T13:38:13","modified_gmt":"2026-03-03T02:38:13","slug":"naati-sertifikali-yazili-ve-sozlu-cevirmenler-rehberi","status":"publish","type":"page","link":"https:\/\/directory.naati.com.au\/tr\/","title":{"rendered":"NAATI sertifikal\u0131 yaz\u0131l\u0131 ve s\u00f6zl\u00fc \u00e7evirmenler rehberi"},"content":{"rendered":"","protected":false},"excerpt":{"rendered":"<p>Avustralya&#8217;n\u0131n NAATI sertifikal\u0131 yaz\u0131l\u0131 ve s\u00f6zl\u00fc \u00e7evirmenlerden olu\u015fan tek resm\u00ee rehberi.<\/p>\n","protected":false},"author":1,"featured_media":13450,"parent":0,"menu_order":0,"comment_status":"closed","ping_status":"closed","template":"","meta":{"_acf_changed":false,"footnotes":""},"class_list":["post-13457","page","type-page","status-publish","has-post-thumbnail","hentry"],"acf":[],"_links":{"self":[{"href":"https:\/\/directory.naati.com.au\/tr\/wp-json\/wp\/v2\/pages\/13457","targetHints":{"allow":["GET"]}}],"collection":[{"href":"https:\/\/directory.naati.com.au\/tr\/wp-json\/wp\/v2\/pages"}],"about":[{"href":"https:\/\/directory.naati.com.au\/tr\/wp-json\/wp\/v2\/types\/page"}],"author":[{"embeddable":true,"href":"https:\/\/directory.naati.com.au\/tr\/wp-json\/wp\/v2\/users\/1"}],"replies":[{"embeddable":true,"href":"https:\/\/directory.naati.com.au\/tr\/wp-json\/wp\/v2\/comments?post=13457"}],"version-history":[{"count":1,"href":"https:\/\/directory.naati.com.au\/tr\/wp-json\/wp\/v2\/pages\/13457\/revisions"}],"predecessor-version":[{"id":14205,"href":"https:\/\/directory.naati.com.au\/tr\/wp-json\/wp\/v2\/pages\/13457\/revisions\/14205"}],"wp:featuredmedia":[{"embeddable":true,"href":"https:\/\/directory.naati.com.au\/tr\/wp-json\/wp\/v2\/media\/13450"}],"wp:attachment":[{"href":"https:\/\/directory.naati.com.au\/tr\/wp-json\/wp\/v2\/media?parent=13457"}],"curies":[{"name":"wp","href":"https:\/\/api.w.org\/{rel}","templated":true}]}}