{"id":13464,"date":"2026-01-09T11:16:25","date_gmt":"2026-01-09T00:16:25","guid":{"rendered":"https:\/\/directory.naati.com.au\/sikca-sorulan-sorular\/"},"modified":"2026-02-28T08:46:57","modified_gmt":"2026-02-27T21:46:57","slug":"sikca-sorulan-sorular","status":"publish","type":"page","link":"https:\/\/directory.naati.com.au\/tr\/sikca-sorulan-sorular\/","title":{"rendered":"S\u0131k\u00e7a Sorulan Sorular"},"content":{"rendered":"","protected":false},"excerpt":{"rendered":"<p>NAATI sertifikasyonu, \u00e7evrim i\u00e7i dizin ve akreditasyonun do\u011frulanmas\u0131 hakk\u0131nda s\u0131k sorulan sorular\u0131n yan\u0131tlar\u0131n\u0131 bulun.<\/p>\n","protected":false},"author":1,"featured_media":13463,"parent":0,"menu_order":9,"comment_status":"closed","ping_status":"closed","template":"","meta":{"_acf_changed":false,"footnotes":""},"class_list":["post-13464","page","type-page","status-publish","has-post-thumbnail","hentry"],"acf":[],"_links":{"self":[{"href":"https:\/\/directory.naati.com.au\/tr\/wp-json\/wp\/v2\/pages\/13464","targetHints":{"allow":["GET"]}}],"collection":[{"href":"https:\/\/directory.naati.com.au\/tr\/wp-json\/wp\/v2\/pages"}],"about":[{"href":"https:\/\/directory.naati.com.au\/tr\/wp-json\/wp\/v2\/types\/page"}],"author":[{"embeddable":true,"href":"https:\/\/directory.naati.com.au\/tr\/wp-json\/wp\/v2\/users\/1"}],"replies":[{"embeddable":true,"href":"https:\/\/directory.naati.com.au\/tr\/wp-json\/wp\/v2\/comments?post=13464"}],"version-history":[{"count":1,"href":"https:\/\/directory.naati.com.au\/tr\/wp-json\/wp\/v2\/pages\/13464\/revisions"}],"predecessor-version":[{"id":13970,"href":"https:\/\/directory.naati.com.au\/tr\/wp-json\/wp\/v2\/pages\/13464\/revisions\/13970"}],"wp:featuredmedia":[{"embeddable":true,"href":"https:\/\/directory.naati.com.au\/tr\/wp-json\/wp\/v2\/media\/13463"}],"wp:attachment":[{"href":"https:\/\/directory.naati.com.au\/tr\/wp-json\/wp\/v2\/media?parent=13464"}],"curies":[{"name":"wp","href":"https:\/\/api.w.org\/{rel}","templated":true}]}}