{"id":13484,"date":"2026-01-09T11:16:56","date_gmt":"2026-01-09T00:16:56","guid":{"rendered":"https:\/\/directory.naati.com.au\/bir-yazili-veya-sozlu-cevirmen-bulun\/"},"modified":"2026-01-09T11:16:56","modified_gmt":"2026-01-09T00:16:56","slug":"bir-yazili-veya-sozlu-cevirmen-bulun","status":"publish","type":"page","link":"https:\/\/directory.naati.com.au\/tr\/bir-yazili-veya-sozlu-cevirmen-bulun\/","title":{"rendered":"Bir yaz\u0131l\u0131 veya s\u00f6zl\u00fc \u00e7evirmen bulun"},"content":{"rendered":"","protected":false},"excerpt":{"rendered":"","protected":false},"author":1,"featured_media":0,"parent":0,"menu_order":0,"comment_status":"closed","ping_status":"closed","template":"","meta":{"_acf_changed":false,"footnotes":""},"class_list":["post-13484","page","type-page","status-publish","hentry"],"acf":[],"_links":{"self":[{"href":"https:\/\/directory.naati.com.au\/tr\/wp-json\/wp\/v2\/pages\/13484","targetHints":{"allow":["GET"]}}],"collection":[{"href":"https:\/\/directory.naati.com.au\/tr\/wp-json\/wp\/v2\/pages"}],"about":[{"href":"https:\/\/directory.naati.com.au\/tr\/wp-json\/wp\/v2\/types\/page"}],"author":[{"embeddable":true,"href":"https:\/\/directory.naati.com.au\/tr\/wp-json\/wp\/v2\/users\/1"}],"replies":[{"embeddable":true,"href":"https:\/\/directory.naati.com.au\/tr\/wp-json\/wp\/v2\/comments?post=13484"}],"version-history":[{"count":0,"href":"https:\/\/directory.naati.com.au\/tr\/wp-json\/wp\/v2\/pages\/13484\/revisions"}],"wp:attachment":[{"href":"https:\/\/directory.naati.com.au\/tr\/wp-json\/wp\/v2\/media?parent=13484"}],"curies":[{"name":"wp","href":"https:\/\/api.w.org\/{rel}","templated":true}]}}