{"id":13883,"date":"2026-01-09T11:15:45","date_gmt":"2026-01-09T00:15:45","guid":{"rendered":"https:\/\/directory.naati.com.au\/naati-sertifikasini-kontrol-edin\/"},"modified":"2026-03-03T13:38:40","modified_gmt":"2026-03-03T02:38:40","slug":"naati-sertifikasini-kontrol-edin","status":"publish","type":"page","link":"https:\/\/directory.naati.com.au\/tr\/naati-sertifikasini-kontrol-edin\/","title":{"rendered":"NAATI sertifikas\u0131n\u0131 kontrol edin"},"content":{"rendered":"","protected":false},"excerpt":{"rendered":"<p>Akreditasyon do\u011frulama arac\u0131<\/p>\n","protected":false},"author":1,"featured_media":13878,"parent":0,"menu_order":0,"comment_status":"closed","ping_status":"closed","template":"","meta":{"_acf_changed":false,"footnotes":""},"class_list":["post-13883","page","type-page","status-publish","has-post-thumbnail","hentry"],"acf":[],"_links":{"self":[{"href":"https:\/\/directory.naati.com.au\/tr\/wp-json\/wp\/v2\/pages\/13883","targetHints":{"allow":["GET"]}}],"collection":[{"href":"https:\/\/directory.naati.com.au\/tr\/wp-json\/wp\/v2\/pages"}],"about":[{"href":"https:\/\/directory.naati.com.au\/tr\/wp-json\/wp\/v2\/types\/page"}],"author":[{"embeddable":true,"href":"https:\/\/directory.naati.com.au\/tr\/wp-json\/wp\/v2\/users\/1"}],"replies":[{"embeddable":true,"href":"https:\/\/directory.naati.com.au\/tr\/wp-json\/wp\/v2\/comments?post=13883"}],"version-history":[{"count":3,"href":"https:\/\/directory.naati.com.au\/tr\/wp-json\/wp\/v2\/pages\/13883\/revisions"}],"predecessor-version":[{"id":14909,"href":"https:\/\/directory.naati.com.au\/tr\/wp-json\/wp\/v2\/pages\/13883\/revisions\/14909"}],"wp:featuredmedia":[{"embeddable":true,"href":"https:\/\/directory.naati.com.au\/tr\/wp-json\/wp\/v2\/media\/13878"}],"wp:attachment":[{"href":"https:\/\/directory.naati.com.au\/tr\/wp-json\/wp\/v2\/media?parent=13883"}],"curies":[{"name":"wp","href":"https:\/\/api.w.org\/{rel}","templated":true}]}}